{"id":260,"date":"2021-03-17T07:11:36","date_gmt":"2021-03-17T07:11:36","guid":{"rendered":"https:\/\/prephotography.org\/?page_id=260"},"modified":"2024-06-30T18:34:53","modified_gmt":"2024-06-30T18:34:53","slug":"authors","status":"publish","type":"page","link":"https:\/\/prephotography.org\/?page_id=260","title":{"rendered":"Authors"},"content":{"rendered":"\n<p>Svetlana Chernyshova<\/p>\n\n\n\n<p>*1989<\/p>\n\n\n\n<p>lebt und arbeitet in D\u00fcsseldorf<\/p>\n\n\n\n<p>&#8211;<\/p>\n\n\n\n<p>Ruth Horak<\/p>\n\n\n\n<p><a href=\"https:\/\/www.photography-she-said.com\/\">https:\/\/www.photography-she-said.com\/<\/a><\/p>\n\n\n\n<p>&#8211;<\/p>\n\n\n\n<p>Thomas W. Kuhn<\/p>\n\n\n\n<p>*1969<\/p>\n\n\n\n<p>lebt und arbeitet in D\u00fcsseldorf<\/p>\n\n\n\n<p>&#8211;<\/p>\n\n\n\n<p>Nicolas Oxen<\/p>\n\n\n\n<p>*1986<\/p>\n\n\n\n<p>lebt und arbeitet in D\u00fcsseldorf<\/p>\n\n\n\n<p>&#8211;<\/p>\n\n\n\n<p>Julia Reich<\/p>\n\n\n\n<p>lebt und arbeitet in D\u00fcsseldorf<\/p>\n\n\n\n<p>&#8211;<\/p>\n\n\n\n<p>Jolanda Wessel<\/p>\n\n\n\n<p>*1987 in D\u00fcsseldorf<\/p>\n\n\n\n<p>lebt und arbeitet<\/p>\n","protected":false},"excerpt":{"rendered":"<p>Svetlana Chernyshova *1989 lebt und arbeitet in D\u00fcsseldorf &#8211; Ruth Horak https:\/\/www.photography-she-said.com\/ &#8211; Thomas W. Kuhn *1969 lebt und arbeitet in D\u00fcsseldorf &#8211; Nicolas Oxen *1986 lebt und arbeitet in D\u00fcsseldorf &#8211; Julia Reich lebt und arbeitet in D\u00fcsseldorf &#8211; Jolanda Wessel *1987 in D\u00fcsseldorf lebt und arbeitet<\/p>\n","protected":false},"author":1,"featured_media":0,"parent":0,"menu_order":0,"comment_status":"closed","ping_status":"closed","template":"","meta":{"episode_type":"","audio_file":"","cover_image":"","cover_image_id":"","duration":"","filesize":"","date_recorded":"","explicit":"","block":"","filesize_raw":"","footnotes":""},"class_list":["post-260","page","type-page","status-publish","hentry"],"_links":{"self":[{"href":"https:\/\/prephotography.org\/index.php?rest_route=\/wp\/v2\/pages\/260","targetHints":{"allow":["GET"]}}],"collection":[{"href":"https:\/\/prephotography.org\/index.php?rest_route=\/wp\/v2\/pages"}],"about":[{"href":"https:\/\/prephotography.org\/index.php?rest_route=\/wp\/v2\/types\/page"}],"author":[{"embeddable":true,"href":"https:\/\/prephotography.org\/index.php?rest_route=\/wp\/v2\/users\/1"}],"replies":[{"embeddable":true,"href":"https:\/\/prephotography.org\/index.php?rest_route=%2Fwp%2Fv2%2Fcomments&post=260"}],"version-history":[{"count":8,"href":"https:\/\/prephotography.org\/index.php?rest_route=\/wp\/v2\/pages\/260\/revisions"}],"predecessor-version":[{"id":656,"href":"https:\/\/prephotography.org\/index.php?rest_route=\/wp\/v2\/pages\/260\/revisions\/656"}],"wp:attachment":[{"href":"https:\/\/prephotography.org\/index.php?rest_route=%2Fwp%2Fv2%2Fmedia&parent=260"}],"curies":[{"name":"wp","href":"https:\/\/api.w.org\/{rel}","templated":true}]}}