{"id":7,"date":"2020-05-02T09:11:11","date_gmt":"2020-05-02T09:11:11","guid":{"rendered":"https:\/\/prephotography.org\/?page_id=7"},"modified":"2022-08-25T18:12:51","modified_gmt":"2022-08-25T18:12:51","slug":"about","status":"publish","type":"page","link":"https:\/\/prephotography.org\/?page_id=7","title":{"rendered":"About"},"content":{"rendered":"\n<p><\/p>\n\n\n\n<p>\u201eVor der Photographie\u201d ist die Idee, einem bisher namenlosen Feld einen Namen zu geben. Diese Notwendigkeit ergibt sich nicht durch unsere Ordnungsliebe, sondern erw\u00e4chst aus der Frage, wie Kunst bezeichnet werden soll, die sich mit Fotografie besch\u00e4ftigt, ohne selbst Fotografie im herk\u00f6mmlichen Sinn zu sein.<\/p>\n\n\n\n<p>Wir leben in einem Universum technischer Bilder, ohne derenGrundlagen, Bedingungen und Implikationen hinreichend verstanden und diskutiert zu haben. Um diesen Diskurs f\u00fchren zu k\u00f6nnen, ist es notwendig die Fotografie selbst zum Thema zu machen. Wir m\u00fcssen das Ph\u00e4nomen Fotografie durchdringen, um nicht zur\u00fcckblicken und festzustellen zu m\u00fcssen, dass schon wieder der Ausl\u00f6ser gedr\u00fcckt wurde und wir erst nichts verstanden haben.<\/p>\n\n\n\n<p>Diesem Gedanken liegt unser prozesshaftes Verst\u00e4ndnis der Fotografie zugrunde. Fotografie ist nicht das Abbild, das am Ende eines optischen, chemischen, oder elekrischen Prozesses steht. Wir begreifen die Fotografie in ihrem urspr\u00fcngliches Sinn des Wortes. Im photo-graphischen Prozess wird der Begriff Licht (Phos) mit dem Zeichnen (graphein) konfrontiert. Daraus entsteht eine Praxis die voller R\u00e4tsel ist. Die vorliegende Publikation, die im Nachgang zu einer Ausstellungsreihe in Wien entstanden ist, soll einen Beitrag zur Beschreibung und Aufkl\u00e4rung dieser Mysterien sein.<\/p>\n\n\n\n<p><\/p>\n\n\n\n<p><\/p>\n\n\n\n<p>Johannes Raimann<br><a rel=\"noreferrer noopener\" href=\"http:\/\/www.johannes-raimann.at\/\" target=\"_blank\">www.johannes-raimann.at<\/a><\/p>\n\n\n\n<p><\/p>\n\n\n\n<p>Bastian Schwind<br><a href=\"http:\/\/www.bastianschwind.com\" target=\"_blank\" rel=\"noreferrer noopener\">www.bastianschwind.com<\/a><\/p>\n\n\n\n<p><\/p>\n\n\n\n<p><a href=\"mailto:info@prephotography.org\" target=\"_blank\" rel=\"noreferrer noopener\">info@prephotography.org<\/a><\/p>\n","protected":false},"excerpt":{"rendered":"<p>\u201eVor der Photographie\u201d ist die Idee, einem bisher namenlosen Feld einen Namen zu geben. Diese Notwendigkeit ergibt sich nicht durch unsere Ordnungsliebe, sondern erw\u00e4chst aus der Frage, wie Kunst bezeichnet werden soll, die sich mit Fotografie besch\u00e4ftigt, ohne selbst Fotografie im herk\u00f6mmlichen Sinn zu sein. Wir leben in einem Universum technischer Bilder, ohne derenGrundlagen, Bedingungen &hellip; <\/p>\n<p class=\"link-more\"><a href=\"https:\/\/prephotography.org\/?page_id=7\" class=\"more-link\">Continue reading<span class=\"screen-reader-text\"> &#8220;About&#8221;<\/span><\/a><\/p>\n","protected":false},"author":1,"featured_media":0,"parent":0,"menu_order":0,"comment_status":"closed","ping_status":"closed","template":"","meta":{"episode_type":"","audio_file":"","cover_image":"","cover_image_id":"","duration":"","filesize":"","date_recorded":"","explicit":"","block":"","filesize_raw":"","footnotes":""},"class_list":["post-7","page","type-page","status-publish","hentry"],"_links":{"self":[{"href":"https:\/\/prephotography.org\/index.php?rest_route=\/wp\/v2\/pages\/7","targetHints":{"allow":["GET"]}}],"collection":[{"href":"https:\/\/prephotography.org\/index.php?rest_route=\/wp\/v2\/pages"}],"about":[{"href":"https:\/\/prephotography.org\/index.php?rest_route=\/wp\/v2\/types\/page"}],"author":[{"embeddable":true,"href":"https:\/\/prephotography.org\/index.php?rest_route=\/wp\/v2\/users\/1"}],"replies":[{"embeddable":true,"href":"https:\/\/prephotography.org\/index.php?rest_route=%2Fwp%2Fv2%2Fcomments&post=7"}],"version-history":[{"count":9,"href":"https:\/\/prephotography.org\/index.php?rest_route=\/wp\/v2\/pages\/7\/revisions"}],"predecessor-version":[{"id":592,"href":"https:\/\/prephotography.org\/index.php?rest_route=\/wp\/v2\/pages\/7\/revisions\/592"}],"wp:attachment":[{"href":"https:\/\/prephotography.org\/index.php?rest_route=%2Fwp%2Fv2%2Fmedia&parent=7"}],"curies":[{"name":"wp","href":"https:\/\/api.w.org\/{rel}","templated":true}]}}